{"id":37,"date":"2025-04-14T16:51:52","date_gmt":"2025-04-14T14:51:52","guid":{"rendered":"http:\/\/conformite-csrd.com\/?page_id=37"},"modified":"2025-04-14T17:22:25","modified_gmt":"2025-04-14T15:22:25","slug":"acculturer-et-former-a-la-csrd","status":"publish","type":"page","link":"https:\/\/conformite-csrd.com\/index.php\/acculturer-et-former-a-la-csrd\/","title":{"rendered":"Acculturer et former \u00e0 la CSRD"},"content":{"rendered":"\n<h2 class=\"wp-block-heading\">Comment embarquer mes \u00e9quipes dans la CSRD et d\u00e9velopper les bonnes comp\u00e9tences ?<\/h2>\n\n\n\n<h4 class=\"wp-block-heading\">Ce que permet l\u2019IA :<\/h4>\n\n\n\n<p>Nous proposons un module de <strong>formation assist\u00e9e par IA<\/strong>, qui adapte le contenu p\u00e9dagogique au profil de l\u2019utilisateur (m\u00e9tier, niveau de connaissance, secteur).<br><\/p>\n\n\n\n<p>L\u2019outil peut :<\/p>\n\n\n\n<ul class=\"wp-block-list\">\n<li>proposer des <strong>parcours d\u2019apprentissage personnalis\u00e9s<\/strong> (micro-learning, quiz, vid\u00e9os),<\/li>\n\n\n\n<li>simuler des cas concrets de reporting,<\/li>\n\n\n\n<li>fournir un <strong>coach IA conversationnel<\/strong> pour r\u00e9pondre aux questions des \u00e9quipes (ex. : \u201cdois-je d\u00e9clarer cet indicateur ?\u201d, \u201cqu\u2019est-ce que l\u2019ESRS E1 ?\u201d).<\/li>\n<\/ul>\n\n\n\n<h4 class=\"wp-block-heading\">Objectifs poursuivis :<\/h4>\n\n\n\n<ul class=\"wp-block-list\">\n<li>Sensibiliser les collaborateurs aux enjeux de la CSRD.<\/li>\n\n\n\n<li>D\u00e9mystifier la r\u00e9glementation.<\/li>\n\n\n\n<li>Favoriser l\u2019appropriation de la d\u00e9marche par les fonctions m\u00e9tier (RSE, finance, RH, achats, etc.).<\/li>\n<\/ul>\n\n\n\n<h4 class=\"wp-block-heading\">Pr\u00e9-requis :<\/h4>\n\n\n\n<ul class=\"wp-block-list\">\n<li>Recueil des besoins de formation (par questionnaire ou entretien flash).<\/li>\n\n\n\n<li>D\u00e9finition d\u2019une cible (managers, contributeurs RSE, RH, direction\u2026).<\/li>\n\n\n\n<li>Optionnel : inclusion de contenus internes pour enrichir les modules personnalis\u00e9s.<\/li>\n<\/ul>\n\n\n\n<h4 class=\"wp-block-heading\">Mode de fonctionnement :<\/h4>\n\n\n\n<ol class=\"wp-block-list\">\n<li>L\u2019utilisateur r\u00e9pond \u00e0 quelques questions pour calibrer son niveau et ses besoins.<\/li>\n\n\n\n<li>L\u2019IA s\u00e9lectionne un parcours de formation (30 min, 1h, ou par th\u00e9matique).<\/li>\n\n\n\n<li>Le coach IA reste disponible \u00e0 tout moment pour poser des questions en langage naturel.<\/li>\n\n\n\n<li>En fin de parcours, un quiz permet de valider les acquis et d\u2019obtenir une synth\u00e8se des prochaines actions \u00e0 mener.<\/li>\n<\/ol>\n\n\n\n<div class=\"wp-block-buttons is-content-justification-center is-layout-flex wp-container-core-buttons-is-layout-16018d1d wp-block-buttons-is-layout-flex\">\n<div class=\"wp-block-button\"><a class=\"wp-block-button__link wp-element-button\" href=\"https:\/\/galancesconseil.fr\/contact-2\/\">Nous contacter<\/a><\/div>\n<\/div>\n","protected":false},"excerpt":{"rendered":"<p>Comment embarquer mes \u00e9quipes dans la CSRD et d\u00e9velopper les bonnes comp\u00e9tences ? Ce que permet l\u2019IA : Nous proposons un module de formation assist\u00e9e par IA, qui adapte le contenu p\u00e9dagogique au profil de l\u2019utilisateur (m\u00e9tier, niveau de connaissance, secteur). L\u2019outil peut : Objectifs poursuivis : Pr\u00e9-requis : Mode de fonctionnement :<\/p>\n","protected":false},"author":1,"featured_media":0,"parent":0,"menu_order":0,"comment_status":"closed","ping_status":"closed","template":"","meta":{"footnotes":""},"class_list":["post-37","page","type-page","status-publish","hentry"],"_links":{"self":[{"href":"https:\/\/conformite-csrd.com\/index.php\/wp-json\/wp\/v2\/pages\/37","targetHints":{"allow":["GET"]}}],"collection":[{"href":"https:\/\/conformite-csrd.com\/index.php\/wp-json\/wp\/v2\/pages"}],"about":[{"href":"https:\/\/conformite-csrd.com\/index.php\/wp-json\/wp\/v2\/types\/page"}],"author":[{"embeddable":true,"href":"https:\/\/conformite-csrd.com\/index.php\/wp-json\/wp\/v2\/users\/1"}],"replies":[{"embeddable":true,"href":"https:\/\/conformite-csrd.com\/index.php\/wp-json\/wp\/v2\/comments?post=37"}],"version-history":[{"count":4,"href":"https:\/\/conformite-csrd.com\/index.php\/wp-json\/wp\/v2\/pages\/37\/revisions"}],"predecessor-version":[{"id":82,"href":"https:\/\/conformite-csrd.com\/index.php\/wp-json\/wp\/v2\/pages\/37\/revisions\/82"}],"wp:attachment":[{"href":"https:\/\/conformite-csrd.com\/index.php\/wp-json\/wp\/v2\/media?parent=37"}],"curies":[{"name":"wp","href":"https:\/\/api.w.org\/{rel}","templated":true}]}}